{"id":38,"date":"2024-12-19T13:22:22","date_gmt":"2024-12-19T12:22:22","guid":{"rendered":"http:\/\/localhost:8888\/LV\/?page_id=38"},"modified":"2024-12-19T14:29:08","modified_gmt":"2024-12-19T13:29:08","slug":"politique-de-confidentialite","status":"publish","type":"page","link":"https:\/\/littlevietnam.fr\/en\/politique-de-confidentialite\/","title":{"rendered":"Privacy Policy"},"content":{"rendered":"<div data-elementor-type=\"wp-page\" data-elementor-id=\"38\" class=\"elementor elementor-38\" data-elementor-post-type=\"page\">\n\t\t\t\t<div class=\"elementor-element elementor-element-be4de6f e-flex e-con-boxed e-con e-parent\" data-id=\"be4de6f\" data-element_type=\"container\" data-e-type=\"container\">\n\t\t\t\t\t<div class=\"e-con-inner\">\n\t\t\t\t<div class=\"elementor-element elementor-element-7251104 elementor-widget elementor-widget-heading\" data-id=\"7251104\" data-element_type=\"widget\" data-e-type=\"widget\" data-widget_type=\"heading.default\">\n\t\t\t\t<div class=\"elementor-widget-container\">\n\t\t\t\t\t<h2 class=\"elementor-heading-title elementor-size-default\">PRIVACY POLICY<\/h2>\t\t\t\t<\/div>\n\t\t\t\t<\/div>\n\t\t<div class=\"elementor-element elementor-element-e7a7f85 e-con-full e-flex e-con e-child\" data-id=\"e7a7f85\" data-element_type=\"container\" data-e-type=\"container\">\n\t\t\t\t<div class=\"elementor-element elementor-element-b98f9e5 elementor-widget elementor-widget-text-editor\" data-id=\"b98f9e5\" data-element_type=\"widget\" data-e-type=\"widget\" data-widget_type=\"text-editor.default\">\n\t\t\t\t<div class=\"elementor-widget-container\">\n\t\t\t\t\t\t\t\t\t<p>Privacy Policy The protection of your personal data is a priority for Little Vietnam. This Privacy Policy describes how we collect, use and protect your information when you visit our website littlevietnam.fr and when you provide us with information through our forms.<\/p>\t\t\t\t\t\t\t\t<\/div>\n\t\t\t\t<\/div>\n\t\t\t\t<\/div>\n\t\t<div class=\"elementor-element elementor-element-a43963f e-con-full e-flex e-con e-child\" data-id=\"a43963f\" data-element_type=\"container\" data-e-type=\"container\">\n\t\t\t\t<div class=\"elementor-element elementor-element-7e1f1ec elementor-widget elementor-widget-heading\" data-id=\"7e1f1ec\" data-element_type=\"widget\" data-e-type=\"widget\" data-widget_type=\"heading.default\">\n\t\t\t\t<div class=\"elementor-widget-container\">\n\t\t\t\t\t<h2 class=\"elementor-heading-title elementor-size-default\">1. PREAMBLE\n<\/h2>\t\t\t\t<\/div>\n\t\t\t\t<\/div>\n\t\t\t\t<div class=\"elementor-element elementor-element-7a6c3b4 elementor-widget elementor-widget-text-editor\" data-id=\"7a6c3b4\" data-element_type=\"widget\" data-e-type=\"widget\" data-widget_type=\"text-editor.default\">\n\t\t\t\t<div class=\"elementor-widget-container\">\n\t\t\t\t\t\t\t\t\t<p><strong>The purpose of this privacy policy is to inform users of the site:<\/strong><\/p><ul><li>On how their personal data is collected. Personal data is considered to be any information that allows a user to be identified. As such, this may include: their first and last names, age, postal or email address, location or IP address (non-exhaustive list);<\/li><li>On the rights they have regarding this data;<\/li><li>On the person responsible for processing the personal data collected and processed;<\/li><li>On the recipients of this personal data;<\/li><li>About the site's cookie policy.<\/li><\/ul>\t\t\t\t\t\t\t\t<\/div>\n\t\t\t\t<\/div>\n\t\t\t\t<\/div>\n\t\t<div class=\"elementor-element elementor-element-0ab88e1 e-con-full e-flex e-con e-child\" data-id=\"0ab88e1\" data-element_type=\"container\" data-e-type=\"container\">\n\t\t\t\t<div class=\"elementor-element elementor-element-d796934 elementor-widget elementor-widget-heading\" data-id=\"d796934\" data-element_type=\"widget\" data-e-type=\"widget\" data-widget_type=\"heading.default\">\n\t\t\t\t<div class=\"elementor-widget-container\">\n\t\t\t\t\t<h2 class=\"elementor-heading-title elementor-size-default\">2. PRINCIPLES RELATING TO THE COLLECTION AND PROCESSING OF PERSONAL DATA<\/h2>\t\t\t\t<\/div>\n\t\t\t\t<\/div>\n\t\t\t\t<div class=\"elementor-element elementor-element-cbdc2a2 elementor-widget elementor-widget-text-editor\" data-id=\"cbdc2a2\" data-element_type=\"widget\" data-e-type=\"widget\" data-widget_type=\"text-editor.default\">\n\t\t\t\t<div class=\"elementor-widget-container\">\n\t\t\t\t\t\t\t\t\t<p><b>In accordance with Article 5 of European Regulation 2016\/679, personal data are:<\/b><\/p><p>\u00a0<\/p><ul><li>Processed lawfully, fairly and transparently with regard to the data subject;<\/li><li>Collected for specific purposes (see Article 3.1 hereof), explicit and legitimate, and not further processed in a manner incompatible with these purposes;<\/li><li>Adequate, relevant and limited to what is necessary in relation to the purposes for which they are processed;<\/li><li>Accurate and, where necessary, kept up to date. All reasonable steps must be taken to ensure that personal data that are inaccurate, having regard to the purposes for which they are processed, are erased or rectified without delay;<\/li><li>Kept in a form which permits identification of the persons concerned for no longer than is necessary for the purposes for which they are processed;<\/li><li>Processed in a manner that ensures appropriate security of the collected data, including protection against unauthorized or unlawful processing and against accidental loss, destruction or damage, using appropriate technical or organizational measures.<\/li><\/ul><p><strong><br \/>Processing shall be lawful only if and to the extent that at least one of the following applies:<br \/><br \/><\/strong><\/p><ul><li>The data subject has consented to the processing of his or her personal data for one or more specific purposes;<\/li><li>The processing is necessary for the performance of a contract to which the data subject is party or in order to take steps at the request of the data subject prior to entering into a contract;<\/li><li>The processing is necessary for compliance with a legal obligation to which the controller is subject;<\/li><li>The processing is necessary to protect the vital interests of the data subject or of another natural person;<\/li><li>The processing is necessary for the performance of a task carried out in the public interest or in the exercise of official authority vested in the controller;<\/li><li>Processing is necessary for the purposes of the legitimate interests pursued by the controller or by a third party, except where such interests are overridden by the interests or fundamental rights and freedoms of the data subject which require protection of personal data, in particular where the data subject is a child.<\/li><\/ul><p><b>\u00a0<\/b><\/p>\t\t\t\t\t\t\t\t<\/div>\n\t\t\t\t<\/div>\n\t\t\t\t<\/div>\n\t\t<div class=\"elementor-element elementor-element-4ed728a e-con-full e-flex e-con e-child\" data-id=\"4ed728a\" data-element_type=\"container\" data-e-type=\"container\">\n\t\t\t\t<div class=\"elementor-element elementor-element-df9aa4b elementor-widget elementor-widget-heading\" data-id=\"df9aa4b\" data-element_type=\"widget\" data-e-type=\"widget\" data-widget_type=\"heading.default\">\n\t\t\t\t<div class=\"elementor-widget-container\">\n\t\t\t\t\t<h2 class=\"elementor-heading-title elementor-size-default\">3. Personal data collected and processed when browsing the site<\/h2>\t\t\t\t<\/div>\n\t\t\t\t<\/div>\n\t\t\t\t<div class=\"elementor-element elementor-element-041d4b2 elementor-widget elementor-widget-text-editor\" data-id=\"041d4b2\" data-element_type=\"widget\" data-e-type=\"widget\" data-widget_type=\"text-editor.default\">\n\t\t\t\t<div class=\"elementor-widget-container\">\n\t\t\t\t\t\t\t\t\t<p>We implement appropriate security measures to protect your personal information from unauthorized access, disclosure, alteration or destruction. However, please note that no method of transmission or storage over the internet is completely secure.<\/p><p><strong>3.1. Data collected<\/strong><\/p><ul><li>The personal data collected as part of our activity are as follows: <br \/>IP addresses for statistical purposes to improve the user experience on our site.<\/li><li>Name, First name, Email, telephone, position for responding to information needs submitted via our site.<\/li><\/ul><p><strong>3.2. Data collection method<\/strong><\/p><p>When you use the site, your IP is automatically collected via the use of cookies. Other information is collected via the contact form.<\/p><p><strong>3.3. Data hosting<\/strong><\/p><p>The littlevietnam.fr website is hosted by: Hostinger, 61 Lordou Virinos Street, 6023 Larnaca, Cyprus.e here<\/p>\t\t\t\t\t\t\t\t<\/div>\n\t\t\t\t<\/div>\n\t\t\t\t<\/div>\n\t\t<div class=\"elementor-element elementor-element-6f30d76 e-con-full e-flex e-con e-child\" data-id=\"6f30d76\" data-element_type=\"container\" data-e-type=\"container\">\n\t\t\t\t<div class=\"elementor-element elementor-element-6ff79a0 elementor-widget elementor-widget-heading\" data-id=\"6ff79a0\" data-element_type=\"widget\" data-e-type=\"widget\" data-widget_type=\"heading.default\">\n\t\t\t\t<div class=\"elementor-widget-container\">\n\t\t\t\t\t<h2 class=\"elementor-heading-title elementor-size-default\">4. Data controller and data protection officer:\n<\/h2>\t\t\t\t<\/div>\n\t\t\t\t<\/div>\n\t\t\t\t<div class=\"elementor-element elementor-element-458c9e8 elementor-widget elementor-widget-text-editor\" data-id=\"458c9e8\" data-element_type=\"widget\" data-e-type=\"widget\" data-widget_type=\"text-editor.default\">\n\t\t\t\t<div class=\"elementor-widget-container\">\n\t\t\t\t\t\t\t\t\t<p><strong>4.1. Data controller<\/strong><\/p>\n<p>Personal data is collected by Little Vietnam. The person responsible for processing personal data can be contacted as follows: By email at the following address: contact@littlevietnam.fr; By telephone, at +33677116010.<\/p>\n<p><strong>4.2. The data protection officer<\/strong><\/p>\n<p>The data protection officer of the company or the manager is: Benjamin, contact@littlevietnam.fr. If you feel, after contacting us, that your \u201cData Protection and Freedoms\u201d rights are not respected, you can send information to the CNIL.<\/p>\t\t\t\t\t\t\t\t<\/div>\n\t\t\t\t<\/div>\n\t\t\t\t<\/div>\n\t\t<div class=\"elementor-element elementor-element-c68ac9d e-con-full e-flex e-con e-child\" data-id=\"c68ac9d\" data-element_type=\"container\" data-e-type=\"container\">\n\t\t\t\t<div class=\"elementor-element elementor-element-a7d2bc4 elementor-widget elementor-widget-heading\" data-id=\"a7d2bc4\" data-element_type=\"widget\" data-e-type=\"widget\" data-widget_type=\"heading.default\">\n\t\t\t\t<div class=\"elementor-widget-container\">\n\t\t\t\t\t<h2 class=\"elementor-heading-title elementor-size-default\">5. User rights regarding data collection and processing\n<\/h2>\t\t\t\t<\/div>\n\t\t\t\t<\/div>\n\t\t\t\t<div class=\"elementor-element elementor-element-f3bb252 elementor-widget elementor-widget-text-editor\" data-id=\"f3bb252\" data-element_type=\"widget\" data-e-type=\"widget\" data-widget_type=\"text-editor.default\">\n\t\t\t\t<div class=\"elementor-widget-container\">\n\t\t\t\t\t\t\t\t\t<p>Any user concerned by the processing of their personal data may exercise the following rights, in application of European regulation 2016\/679 and the Data Protection Act (Law 78-17 of 6 January 1978):<\/p>\n<ul>\n<li>Right of access, rectification and right to erasure of data (set out respectively in articles 15, 16 and 17 of the GDPR);<\/li>\n<li>Right to data portability (Article 20 GDPR);<\/li>\n<li>Right to restriction (Article 18 GDPR) and to object to data processing (Article 21 GDPR);<\/li>\n<li>Right not to be subject to a decision based exclusively on an automated process;<\/li>\n<li>Right to determine the fate of data after death;<\/li>\n<li>Right to lodge a complaint with the competent supervisory authority (Article 77 of the GDPR).<\/li>\n<\/ul>\n<p>To exercise your rights, please send your email to contact@littlevietnam.fr<span style=\"color: var( --e-global-color-0e901cc ); text-align: var(--text-align); background-color: var( --e-global-color-primary );\">.<\/span><\/p>\n<p>In order for the data controller to comply with his\/her request, the user may be required to provide certain information such as: his\/her first and last names, his\/her email address and his\/her account number, personal space number or subscriber number.<\/p>\n<p>Visit cnil.fr for more information on your rights.<\/p>\t\t\t\t\t\t\t\t<\/div>\n\t\t\t\t<\/div>\n\t\t\t\t<\/div>\n\t\t<div class=\"elementor-element elementor-element-7313044 e-con-full e-flex e-con e-child\" data-id=\"7313044\" data-element_type=\"container\" data-e-type=\"container\">\n\t\t\t\t<div class=\"elementor-element elementor-element-a020de4 elementor-widget elementor-widget-heading\" data-id=\"a020de4\" data-element_type=\"widget\" data-e-type=\"widget\" data-widget_type=\"heading.default\">\n\t\t\t\t<div class=\"elementor-widget-container\">\n\t\t\t\t\t<h2 class=\"elementor-heading-title elementor-size-default\">6. Conditions for modifying the privacy policy\n<\/h2>\t\t\t\t<\/div>\n\t\t\t\t<\/div>\n\t\t\t\t<div class=\"elementor-element elementor-element-0abacfb elementor-widget elementor-widget-text-editor\" data-id=\"0abacfb\" data-element_type=\"widget\" data-e-type=\"widget\" data-widget_type=\"text-editor.default\">\n\t\t\t\t<div class=\"elementor-widget-container\">\n\t\t\t\t\t\t\t\t\t<p>The publisher of the littlevietnam.fr site reserves the right to modify this Policy at any time in order to ensure that users of the site comply with current law.<\/p><p>Any changes will not affect purchases previously made on the site, which remain subject to the Policy in effect at the time of purchase and as accepted by the user when validating the purchase.<\/p><p>The user is invited to read this Policy each time he uses our services, without it being necessary to formally notify him.<\/p><p>This policy, edited on 02\/15\/2024, was updated on 02\/15\/2024.<\/p>\t\t\t\t\t\t\t\t<\/div>\n\t\t\t\t<\/div>\n\t\t\t\t<\/div>\n\t\t\t\t\t<\/div>\n\t\t\t\t<\/div>\n\t\t\t\t<\/div>","protected":false},"excerpt":{"rendered":"<p>POLITIQUE DE CONFIDENTIALIT\u00c9 La protection de vos donn\u00e9es personnelles est une priorit\u00e9 pour Little Vietnam. Cette Politique de Confidentialit\u00e9 d\u00e9crit comment nous collectons, utilisons et prot\u00e9geons vos informations lorsque vous visitez notre site web littlevietnam.fr et lorsque vous nous fournissez des informations via nos formulaires. 1. PR\u00c9AMBULE La pr\u00e9sente politique de confidentialit\u00e9 a pour but [&hellip;]<\/p>\n","protected":false},"author":1,"featured_media":0,"parent":0,"menu_order":0,"comment_status":"closed","ping_status":"closed","template":"","meta":{"footnotes":""},"class_list":["post-38","page","type-page","status-publish","hentry"],"_links":{"self":[{"href":"https:\/\/littlevietnam.fr\/en\/wp-json\/wp\/v2\/pages\/38","targetHints":{"allow":["GET"]}}],"collection":[{"href":"https:\/\/littlevietnam.fr\/en\/wp-json\/wp\/v2\/pages"}],"about":[{"href":"https:\/\/littlevietnam.fr\/en\/wp-json\/wp\/v2\/types\/page"}],"author":[{"embeddable":true,"href":"https:\/\/littlevietnam.fr\/en\/wp-json\/wp\/v2\/users\/1"}],"replies":[{"embeddable":true,"href":"https:\/\/littlevietnam.fr\/en\/wp-json\/wp\/v2\/comments?post=38"}],"version-history":[{"count":0,"href":"https:\/\/littlevietnam.fr\/en\/wp-json\/wp\/v2\/pages\/38\/revisions"}],"wp:attachment":[{"href":"https:\/\/littlevietnam.fr\/en\/wp-json\/wp\/v2\/media?parent=38"}],"curies":[{"name":"wp","href":"https:\/\/api.w.org\/{rel}","templated":true}]}}